{"id":198,"date":"2024-01-25T12:29:42","date_gmt":"2024-01-25T12:29:42","guid":{"rendered":"https:\/\/podovialbero.com\/?page_id=198"},"modified":"2024-04-07T11:04:25","modified_gmt":"2024-04-07T11:04:25","slug":"cetvrtace-na-duzinski-nastavljene-ploce-finger-joint","status":"publish","type":"page","link":"https:\/\/podovialbero.com\/index.php\/cetvrtace-na-duzinski-nastavljene-ploce-finger-joint\/","title":{"rendered":"\u010cetvrta\u010de za du\u017einski nastavljene plo\u010de (Finger joint)"},"content":{"rendered":"\n[et_pb_section admin_label=&#8221;section&#8221;]\n\t\t\t[et_pb_row admin_label=&#8221;row&#8221;]\n\t\t\t\t[et_pb_column type=&#8221;4_4&#8243;][et_pb_text admin_label=&#8221;Text&#8221;][\/et_pb_text][\/et_pb_column]\n\t\t\t[\/et_pb_row]\n\t\t[\/et_pb_section]\n","protected":false},"excerpt":{"rendered":"","protected":false},"author":2,"featured_media":0,"parent":0,"menu_order":0,"comment_status":"closed","ping_status":"closed","template":"","meta":{"_et_pb_use_builder":"on","_et_pb_old_content":"<!-- wp:divi\/placeholder \/-->","_et_gb_content_width":"","footnotes":""},"yoast_head":"<!-- This site is optimized with the Yoast SEO plugin v22.4 - https:\/\/yoast.com\/wordpress\/plugins\/seo\/ -->\n<title>\u010cetvrta\u010de za du\u017einski nastavljene plo\u010de (Finger joint) - PODOVI - ALBERO<\/title>\n<meta name=\"robots\" content=\"index, follow, max-snippet:-1, max-image-preview:large, max-video-preview:-1\" \/>\n<link rel=\"canonical\" href=\"https:\/\/podovialbero.com\/index.php\/cetvrtace-na-duzinski-nastavljene-ploce-finger-joint\/\" \/>\n<meta property=\"og:locale\" content=\"en_US\" \/>\n<meta property=\"og:type\" content=\"article\" \/>\n<meta property=\"og:title\" content=\"\u010cetvrta\u010de za du\u017einski nastavljene plo\u010de (Finger joint) - PODOVI - ALBERO\" \/>\n<meta property=\"og:url\" content=\"https:\/\/podovialbero.com\/index.php\/cetvrtace-na-duzinski-nastavljene-ploce-finger-joint\/\" \/>\n<meta property=\"og:site_name\" content=\"PODOVI - ALBERO\" \/>\n<meta property=\"article:modified_time\" content=\"2024-04-07T11:04:25+00:00\" \/>\n<meta name=\"twitter:card\" content=\"summary_large_image\" \/>\n<script type=\"application\/ld+json\" class=\"yoast-schema-graph\">{\"@context\":\"https:\/\/schema.org\",\"@graph\":[{\"@type\":\"WebPage\",\"@id\":\"https:\/\/podovialbero.com\/index.php\/cetvrtace-na-duzinski-nastavljene-ploce-finger-joint\/\",\"url\":\"https:\/\/podovialbero.com\/index.php\/cetvrtace-na-duzinski-nastavljene-ploce-finger-joint\/\",\"name\":\"\u010cetvrta\u010de za du\u017einski nastavljene plo\u010de (Finger joint) - PODOVI - ALBERO\",\"isPartOf\":{\"@id\":\"https:\/\/podovialbero.com\/#website\"},\"datePublished\":\"2024-01-25T12:29:42+00:00\",\"dateModified\":\"2024-04-07T11:04:25+00:00\",\"breadcrumb\":{\"@id\":\"https:\/\/podovialbero.com\/index.php\/cetvrtace-na-duzinski-nastavljene-ploce-finger-joint\/#breadcrumb\"},\"inLanguage\":\"en-US\",\"potentialAction\":[{\"@type\":\"ReadAction\",\"target\":[\"https:\/\/podovialbero.com\/index.php\/cetvrtace-na-duzinski-nastavljene-ploce-finger-joint\/\"]}]},{\"@type\":\"BreadcrumbList\",\"@id\":\"https:\/\/podovialbero.com\/index.php\/cetvrtace-na-duzinski-nastavljene-ploce-finger-joint\/#breadcrumb\",\"itemListElement\":[{\"@type\":\"ListItem\",\"position\":1,\"name\":\"Home\",\"item\":\"https:\/\/podovialbero.com\/\"},{\"@type\":\"ListItem\",\"position\":2,\"name\":\"\u010cetvrta\u010de za du\u017einski nastavljene plo\u010de (Finger joint)\"}]},{\"@type\":\"WebSite\",\"@id\":\"https:\/\/podovialbero.com\/#website\",\"url\":\"https:\/\/podovialbero.com\/\",\"name\":\"PODOVI - ALBERO\",\"description\":\"Sajt za ve\u017ebu\",\"publisher\":{\"@id\":\"https:\/\/podovialbero.com\/#organization\"},\"potentialAction\":[{\"@type\":\"SearchAction\",\"target\":{\"@type\":\"EntryPoint\",\"urlTemplate\":\"https:\/\/podovialbero.com\/?s={search_term_string}\"},\"query-input\":\"required name=search_term_string\"}],\"inLanguage\":\"en-US\"},{\"@type\":\"Organization\",\"@id\":\"https:\/\/podovialbero.com\/#organization\",\"name\":\"PODOVI - ALBERO\",\"url\":\"https:\/\/podovialbero.com\/\",\"logo\":{\"@type\":\"ImageObject\",\"inLanguage\":\"en-US\",\"@id\":\"https:\/\/podovialbero.com\/#\/schema\/logo\/image\/\",\"url\":\"http:\/\/podovialbero.com\/wp-content\/uploads\/2024\/01\/LOGO-novi.png\",\"contentUrl\":\"http:\/\/podovialbero.com\/wp-content\/uploads\/2024\/01\/LOGO-novi.png\",\"width\":500,\"height\":500,\"caption\":\"PODOVI - ALBERO\"},\"image\":{\"@id\":\"https:\/\/podovialbero.com\/#\/schema\/logo\/image\/\"}}]}<\/script>\n<!-- \/ Yoast SEO plugin. -->","yoast_head_json":{"title":"\u010cetvrta\u010de za du\u017einski nastavljene plo\u010de (Finger joint) - PODOVI - ALBERO","robots":{"index":"index","follow":"follow","max-snippet":"max-snippet:-1","max-image-preview":"max-image-preview:large","max-video-preview":"max-video-preview:-1"},"canonical":"https:\/\/podovialbero.com\/index.php\/cetvrtace-na-duzinski-nastavljene-ploce-finger-joint\/","og_locale":"en_US","og_type":"article","og_title":"\u010cetvrta\u010de za du\u017einski nastavljene plo\u010de (Finger joint) - PODOVI - ALBERO","og_url":"https:\/\/podovialbero.com\/index.php\/cetvrtace-na-duzinski-nastavljene-ploce-finger-joint\/","og_site_name":"PODOVI - ALBERO","article_modified_time":"2024-04-07T11:04:25+00:00","twitter_card":"summary_large_image","schema":{"@context":"https:\/\/schema.org","@graph":[{"@type":"WebPage","@id":"https:\/\/podovialbero.com\/index.php\/cetvrtace-na-duzinski-nastavljene-ploce-finger-joint\/","url":"https:\/\/podovialbero.com\/index.php\/cetvrtace-na-duzinski-nastavljene-ploce-finger-joint\/","name":"\u010cetvrta\u010de za du\u017einski nastavljene plo\u010de (Finger joint) - PODOVI - ALBERO","isPartOf":{"@id":"https:\/\/podovialbero.com\/#website"},"datePublished":"2024-01-25T12:29:42+00:00","dateModified":"2024-04-07T11:04:25+00:00","breadcrumb":{"@id":"https:\/\/podovialbero.com\/index.php\/cetvrtace-na-duzinski-nastavljene-ploce-finger-joint\/#breadcrumb"},"inLanguage":"en-US","potentialAction":[{"@type":"ReadAction","target":["https:\/\/podovialbero.com\/index.php\/cetvrtace-na-duzinski-nastavljene-ploce-finger-joint\/"]}]},{"@type":"BreadcrumbList","@id":"https:\/\/podovialbero.com\/index.php\/cetvrtace-na-duzinski-nastavljene-ploce-finger-joint\/#breadcrumb","itemListElement":[{"@type":"ListItem","position":1,"name":"Home","item":"https:\/\/podovialbero.com\/"},{"@type":"ListItem","position":2,"name":"\u010cetvrta\u010de za du\u017einski nastavljene plo\u010de (Finger joint)"}]},{"@type":"WebSite","@id":"https:\/\/podovialbero.com\/#website","url":"https:\/\/podovialbero.com\/","name":"PODOVI - ALBERO","description":"Sajt za ve\u017ebu","publisher":{"@id":"https:\/\/podovialbero.com\/#organization"},"potentialAction":[{"@type":"SearchAction","target":{"@type":"EntryPoint","urlTemplate":"https:\/\/podovialbero.com\/?s={search_term_string}"},"query-input":"required name=search_term_string"}],"inLanguage":"en-US"},{"@type":"Organization","@id":"https:\/\/podovialbero.com\/#organization","name":"PODOVI - ALBERO","url":"https:\/\/podovialbero.com\/","logo":{"@type":"ImageObject","inLanguage":"en-US","@id":"https:\/\/podovialbero.com\/#\/schema\/logo\/image\/","url":"http:\/\/podovialbero.com\/wp-content\/uploads\/2024\/01\/LOGO-novi.png","contentUrl":"http:\/\/podovialbero.com\/wp-content\/uploads\/2024\/01\/LOGO-novi.png","width":500,"height":500,"caption":"PODOVI - ALBERO"},"image":{"@id":"https:\/\/podovialbero.com\/#\/schema\/logo\/image\/"}}]}},"_links":{"self":[{"href":"https:\/\/podovialbero.com\/index.php\/wp-json\/wp\/v2\/pages\/198"}],"collection":[{"href":"https:\/\/podovialbero.com\/index.php\/wp-json\/wp\/v2\/pages"}],"about":[{"href":"https:\/\/podovialbero.com\/index.php\/wp-json\/wp\/v2\/types\/page"}],"author":[{"embeddable":true,"href":"https:\/\/podovialbero.com\/index.php\/wp-json\/wp\/v2\/users\/2"}],"replies":[{"embeddable":true,"href":"https:\/\/podovialbero.com\/index.php\/wp-json\/wp\/v2\/comments?post=198"}],"version-history":[{"count":3,"href":"https:\/\/podovialbero.com\/index.php\/wp-json\/wp\/v2\/pages\/198\/revisions"}],"predecessor-version":[{"id":754,"href":"https:\/\/podovialbero.com\/index.php\/wp-json\/wp\/v2\/pages\/198\/revisions\/754"}],"wp:attachment":[{"href":"https:\/\/podovialbero.com\/index.php\/wp-json\/wp\/v2\/media?parent=198"}],"curies":[{"name":"wp","href":"https:\/\/api.w.org\/{rel}","templated":true}]}}