{"id":11,"date":"2024-01-17T13:40:08","date_gmt":"2024-01-17T13:40:08","guid":{"rendered":"https:\/\/podovialbero.com\/?page_id=11"},"modified":"2024-04-12T23:05:39","modified_gmt":"2024-04-12T23:05:39","slug":"o-nama","status":"publish","type":"page","link":"https:\/\/podovialbero.com\/index.php\/o-nama\/","title":{"rendered":"O nama"},"content":{"rendered":"<p>[et_pb_section fb_built=&#8221;1&#8243; _builder_version=&#8221;4.24.3&#8243; _module_preset=&#8221;default&#8221; custom_padding=&#8221;||78px|||&#8221; hover_enabled=&#8221;0&#8243; global_colors_info=&#8221;{}&#8221; title_text=&#8221;golf_course_44&#8243; background_image=&#8221;http:\/\/podovialbero.com\/wp-content\/uploads\/2024\/04\/golf_course_44.png&#8221; sticky_enabled=&#8221;0&#8243; parallax=&#8221;on&#8221;][et_pb_row _builder_version=&#8221;4.23.4&#8243; _module_preset=&#8221;default&#8221; global_colors_info=&#8221;{}&#8221;][et_pb_column type=&#8221;4_4&#8243; _builder_version=&#8221;4.23.4&#8243; _module_preset=&#8221;default&#8221; global_colors_info=&#8221;{}&#8221;][et_pb_text _builder_version=&#8221;4.23.4&#8243; _module_preset=&#8221;default&#8221; global_colors_info=&#8221;{}&#8221;][\/et_pb_text][\/et_pb_column][\/et_pb_row][et_pb_row _builder_version=&#8221;4.24.0&#8243; _module_preset=&#8221;default&#8221; custom_padding=&#8221;5px|14px|5px|14px|false|false&#8221; global_colors_info=&#8221;{}&#8221;][et_pb_column type=&#8221;4_4&#8243; _builder_version=&#8221;4.23.4&#8243; _module_preset=&#8221;default&#8221; global_colors_info=&#8221;{}&#8221;][et_pb_text _builder_version=&#8221;4.24.0&#8243; _module_preset=&#8221;default&#8221; text_font=&#8221;Poppins|800|||||||&#8221; header_font=&#8221;Montserrat|800||on|||||&#8221; header_text_align=&#8221;center&#8221; header_text_color=&#8221;#133300&#8243; header_font_size=&#8221;42px&#8221; header_letter_spacing=&#8221;1px&#8221; custom_margin=&#8221;0px|||0px|false|false&#8221; custom_padding=&#8221;0px|10px|0px|10px|false|false&#8221; global_colors_info=&#8221;{}&#8221;]<\/p>\n<h1 style=\"text-align: left;\"><span style=\"color: #008000;\">O nama<\/span><\/h1>\n<p>[\/et_pb_text][\/et_pb_column][\/et_pb_row][\/et_pb_section][et_pb_section fb_built=&#8221;1&#8243; _builder_version=&#8221;4.24.3&#8243; _module_preset=&#8221;default&#8221; custom_margin=&#8221;||-8px|||&#8221; hover_enabled=&#8221;0&#8243; global_colors_info=&#8221;{}&#8221; title_text=&#8221;golf_course_44&#8243; background_image=&#8221;http:\/\/podovialbero.com\/wp-content\/uploads\/2024\/04\/golf_course_44.png&#8221; parallax=&#8221;on&#8221; sticky_enabled=&#8221;0&#8243;][et_pb_row column_structure=&#8221;1_4,3_4&#8243; _builder_version=&#8221;4.24.0&#8243; _module_preset=&#8221;default&#8221; global_colors_info=&#8221;{}&#8221;][et_pb_column type=&#8221;1_4&#8243; _builder_version=&#8221;4.23.4&#8243; _module_preset=&#8221;default&#8221; global_colors_info=&#8221;{}&#8221;][et_pb_image src=&#8221;http:\/\/podovialbero.com\/wp-content\/uploads\/2024\/01\/pa3.jpg&#8221; title_text=&#8221;pa3&#8243; _builder_version=&#8221;4.24.0&#8243; _module_preset=&#8221;default&#8221; width=&#8221;100%&#8221; min_height=&#8221;215.1px&#8221; custom_padding=&#8221;10px|10px|10px|10px|false|false&#8221; border_radii=&#8221;on|8px|8px|8px|8px&#8221; box_shadow_style=&#8221;preset2&#8243; box_shadow_color=&#8221;#000000&#8243; global_colors_info=&#8221;{}&#8221;][\/et_pb_image][\/et_pb_column][et_pb_column type=&#8221;3_4&#8243; _builder_version=&#8221;4.23.4&#8243; _module_preset=&#8221;default&#8221; global_colors_info=&#8221;{}&#8221;][et_pb_text _builder_version=&#8221;4.24.0&#8243; _module_preset=&#8221;default&#8221; text_font=&#8221;Montserrat|600|||||||&#8221; text_text_color=&#8221;#32003a&#8221; text_font_size=&#8221;22px&#8221; text_line_height=&#8221;1.4em&#8221; custom_padding=&#8221;10px|10px|10px|10px|false|false&#8221; global_colors_info=&#8221;{}&#8221;]<\/p>\n<p>Dru\u0161tvo za proizvodnju i promet &#8220;Podovi -Albero&#8221; d.o.o. osnovano je 2010. godine.<\/p>\n<p>Osnovna delatnost dru\u0161tva je proizvodnja i prerada rezane gra\u0111e i raznih drvnih elemenata prvenstveno od tvrdih li\u0161\u0107ara (hrata, jasena i bukve).<\/p>\n<p>U sastavu preduze\u0107a je i parionica za parenje razli\u010ditih vrsta rezane gra\u0111e kapaciteta 30m3, za li\u010dne potrebe kao i za uslu\u017eno parenje.<\/p>\n<p>Pored primarne prerade drveta bavimo se i finalnom proizvodnjom, jer posedujemo i liniju za proizvodnju klasi\u010dnog parketa i masivnih podova.\u00a0<\/p>\n<p>[\/et_pb_text][\/et_pb_column][\/et_pb_row][\/et_pb_section]<\/p>\n","protected":false},"excerpt":{"rendered":"<p>O namaDru\u0161tvo za proizvodnju i promet &#8220;Podovi -Albero&#8221; d.o.o. osnovano je 2010. godine. Osnovna delatnost dru\u0161tva je proizvodnja i prerada rezane gra\u0111e i raznih drvnih elemenata prvenstveno od tvrdih li\u0161\u0107ara (hrata, jasena i bukve). U sastavu preduze\u0107a je i parionica za parenje razli\u010ditih vrsta rezane gra\u0111e kapaciteta 30m3, za li\u010dne potrebe kao i za uslu\u017eno [&hellip;]<\/p>\n","protected":false},"author":2,"featured_media":0,"parent":0,"menu_order":0,"comment_status":"closed","ping_status":"closed","template":"","meta":{"_et_pb_use_builder":"on","_et_pb_old_content":"","_et_gb_content_width":"","footnotes":""},"yoast_head":"<!-- This site is optimized with the Yoast SEO plugin v22.4 - https:\/\/yoast.com\/wordpress\/plugins\/seo\/ -->\n<title>O nama - PODOVI - ALBERO<\/title>\n<meta name=\"robots\" content=\"index, follow, max-snippet:-1, max-image-preview:large, max-video-preview:-1\" \/>\n<link rel=\"canonical\" href=\"https:\/\/podovialbero.com\/index.php\/o-nama\/\" \/>\n<meta property=\"og:locale\" content=\"en_US\" \/>\n<meta property=\"og:type\" content=\"article\" \/>\n<meta property=\"og:title\" content=\"O nama - PODOVI - ALBERO\" \/>\n<meta property=\"og:description\" content=\"O namaDru\u0161tvo za proizvodnju i promet &quot;Podovi -Albero&quot; d.o.o. osnovano je 2010. godine. Osnovna delatnost dru\u0161tva je proizvodnja i prerada rezane gra\u0111e i raznih drvnih elemenata prvenstveno od tvrdih li\u0161\u0107ara (hrata, jasena i bukve). U sastavu preduze\u0107a je i parionica za parenje razli\u010ditih vrsta rezane gra\u0111e kapaciteta 30m3, za li\u010dne potrebe kao i za uslu\u017eno [&hellip;]\" \/>\n<meta property=\"og:url\" content=\"https:\/\/podovialbero.com\/index.php\/o-nama\/\" \/>\n<meta property=\"og:site_name\" content=\"PODOVI - ALBERO\" \/>\n<meta property=\"article:modified_time\" content=\"2024-04-12T23:05:39+00:00\" \/>\n<meta name=\"twitter:card\" content=\"summary_large_image\" \/>\n<meta name=\"twitter:label1\" content=\"Est. reading time\" \/>\n\t<meta name=\"twitter:data1\" content=\"2 minutes\" \/>\n<script type=\"application\/ld+json\" class=\"yoast-schema-graph\">{\"@context\":\"https:\/\/schema.org\",\"@graph\":[{\"@type\":\"WebPage\",\"@id\":\"https:\/\/podovialbero.com\/index.php\/o-nama\/\",\"url\":\"https:\/\/podovialbero.com\/index.php\/o-nama\/\",\"name\":\"O nama - PODOVI - ALBERO\",\"isPartOf\":{\"@id\":\"https:\/\/podovialbero.com\/#website\"},\"datePublished\":\"2024-01-17T13:40:08+00:00\",\"dateModified\":\"2024-04-12T23:05:39+00:00\",\"breadcrumb\":{\"@id\":\"https:\/\/podovialbero.com\/index.php\/o-nama\/#breadcrumb\"},\"inLanguage\":\"en-US\",\"potentialAction\":[{\"@type\":\"ReadAction\",\"target\":[\"https:\/\/podovialbero.com\/index.php\/o-nama\/\"]}]},{\"@type\":\"BreadcrumbList\",\"@id\":\"https:\/\/podovialbero.com\/index.php\/o-nama\/#breadcrumb\",\"itemListElement\":[{\"@type\":\"ListItem\",\"position\":1,\"name\":\"Home\",\"item\":\"https:\/\/podovialbero.com\/\"},{\"@type\":\"ListItem\",\"position\":2,\"name\":\"O nama\"}]},{\"@type\":\"WebSite\",\"@id\":\"https:\/\/podovialbero.com\/#website\",\"url\":\"https:\/\/podovialbero.com\/\",\"name\":\"PODOVI - ALBERO\",\"description\":\"Sajt za ve\u017ebu\",\"publisher\":{\"@id\":\"https:\/\/podovialbero.com\/#organization\"},\"potentialAction\":[{\"@type\":\"SearchAction\",\"target\":{\"@type\":\"EntryPoint\",\"urlTemplate\":\"https:\/\/podovialbero.com\/?s={search_term_string}\"},\"query-input\":\"required name=search_term_string\"}],\"inLanguage\":\"en-US\"},{\"@type\":\"Organization\",\"@id\":\"https:\/\/podovialbero.com\/#organization\",\"name\":\"PODOVI - ALBERO\",\"url\":\"https:\/\/podovialbero.com\/\",\"logo\":{\"@type\":\"ImageObject\",\"inLanguage\":\"en-US\",\"@id\":\"https:\/\/podovialbero.com\/#\/schema\/logo\/image\/\",\"url\":\"http:\/\/podovialbero.com\/wp-content\/uploads\/2024\/01\/LOGO-novi.png\",\"contentUrl\":\"http:\/\/podovialbero.com\/wp-content\/uploads\/2024\/01\/LOGO-novi.png\",\"width\":500,\"height\":500,\"caption\":\"PODOVI - ALBERO\"},\"image\":{\"@id\":\"https:\/\/podovialbero.com\/#\/schema\/logo\/image\/\"}}]}<\/script>\n<!-- \/ Yoast SEO plugin. -->","yoast_head_json":{"title":"O nama - PODOVI - ALBERO","robots":{"index":"index","follow":"follow","max-snippet":"max-snippet:-1","max-image-preview":"max-image-preview:large","max-video-preview":"max-video-preview:-1"},"canonical":"https:\/\/podovialbero.com\/index.php\/o-nama\/","og_locale":"en_US","og_type":"article","og_title":"O nama - PODOVI - ALBERO","og_description":"O namaDru\u0161tvo za proizvodnju i promet \"Podovi -Albero\" d.o.o. osnovano je 2010. godine. Osnovna delatnost dru\u0161tva je proizvodnja i prerada rezane gra\u0111e i raznih drvnih elemenata prvenstveno od tvrdih li\u0161\u0107ara (hrata, jasena i bukve). U sastavu preduze\u0107a je i parionica za parenje razli\u010ditih vrsta rezane gra\u0111e kapaciteta 30m3, za li\u010dne potrebe kao i za uslu\u017eno [&hellip;]","og_url":"https:\/\/podovialbero.com\/index.php\/o-nama\/","og_site_name":"PODOVI - ALBERO","article_modified_time":"2024-04-12T23:05:39+00:00","twitter_card":"summary_large_image","twitter_misc":{"Est. reading time":"2 minutes"},"schema":{"@context":"https:\/\/schema.org","@graph":[{"@type":"WebPage","@id":"https:\/\/podovialbero.com\/index.php\/o-nama\/","url":"https:\/\/podovialbero.com\/index.php\/o-nama\/","name":"O nama - PODOVI - ALBERO","isPartOf":{"@id":"https:\/\/podovialbero.com\/#website"},"datePublished":"2024-01-17T13:40:08+00:00","dateModified":"2024-04-12T23:05:39+00:00","breadcrumb":{"@id":"https:\/\/podovialbero.com\/index.php\/o-nama\/#breadcrumb"},"inLanguage":"en-US","potentialAction":[{"@type":"ReadAction","target":["https:\/\/podovialbero.com\/index.php\/o-nama\/"]}]},{"@type":"BreadcrumbList","@id":"https:\/\/podovialbero.com\/index.php\/o-nama\/#breadcrumb","itemListElement":[{"@type":"ListItem","position":1,"name":"Home","item":"https:\/\/podovialbero.com\/"},{"@type":"ListItem","position":2,"name":"O nama"}]},{"@type":"WebSite","@id":"https:\/\/podovialbero.com\/#website","url":"https:\/\/podovialbero.com\/","name":"PODOVI - ALBERO","description":"Sajt za ve\u017ebu","publisher":{"@id":"https:\/\/podovialbero.com\/#organization"},"potentialAction":[{"@type":"SearchAction","target":{"@type":"EntryPoint","urlTemplate":"https:\/\/podovialbero.com\/?s={search_term_string}"},"query-input":"required name=search_term_string"}],"inLanguage":"en-US"},{"@type":"Organization","@id":"https:\/\/podovialbero.com\/#organization","name":"PODOVI - ALBERO","url":"https:\/\/podovialbero.com\/","logo":{"@type":"ImageObject","inLanguage":"en-US","@id":"https:\/\/podovialbero.com\/#\/schema\/logo\/image\/","url":"http:\/\/podovialbero.com\/wp-content\/uploads\/2024\/01\/LOGO-novi.png","contentUrl":"http:\/\/podovialbero.com\/wp-content\/uploads\/2024\/01\/LOGO-novi.png","width":500,"height":500,"caption":"PODOVI - ALBERO"},"image":{"@id":"https:\/\/podovialbero.com\/#\/schema\/logo\/image\/"}}]}},"_links":{"self":[{"href":"https:\/\/podovialbero.com\/index.php\/wp-json\/wp\/v2\/pages\/11"}],"collection":[{"href":"https:\/\/podovialbero.com\/index.php\/wp-json\/wp\/v2\/pages"}],"about":[{"href":"https:\/\/podovialbero.com\/index.php\/wp-json\/wp\/v2\/types\/page"}],"author":[{"embeddable":true,"href":"https:\/\/podovialbero.com\/index.php\/wp-json\/wp\/v2\/users\/2"}],"replies":[{"embeddable":true,"href":"https:\/\/podovialbero.com\/index.php\/wp-json\/wp\/v2\/comments?post=11"}],"version-history":[{"count":21,"href":"https:\/\/podovialbero.com\/index.php\/wp-json\/wp\/v2\/pages\/11\/revisions"}],"predecessor-version":[{"id":860,"href":"https:\/\/podovialbero.com\/index.php\/wp-json\/wp\/v2\/pages\/11\/revisions\/860"}],"wp:attachment":[{"href":"https:\/\/podovialbero.com\/index.php\/wp-json\/wp\/v2\/media?parent=11"}],"curies":[{"name":"wp","href":"https:\/\/api.w.org\/{rel}","templated":true}]}}